{"id":1566,"date":"2025-09-04T13:01:54","date_gmt":"2025-09-04T13:01:54","guid":{"rendered":"https:\/\/avogentech.com\/mission-vision\/"},"modified":"2025-09-26T11:45:14","modified_gmt":"2025-09-26T11:45:14","slug":"mission-vision","status":"publish","type":"page","link":"https:\/\/avogentech.com\/fr\/mission-vision\/","title":{"rendered":"Mission &amp; vision"},"content":{"rendered":"\t\t<div data-elementor-type=\"wp-page\" data-elementor-id=\"1566\" class=\"elementor elementor-1566 elementor-180\" data-elementor-post-type=\"page\">\n\t\t\t\t<div class=\"elementor-element elementor-element-74e2ed26 e-flex e-con-boxed e-con e-parent\" data-id=\"74e2ed26\" data-element_type=\"container\" data-e-type=\"container\" data-settings=\"{&quot;background_background&quot;:&quot;classic&quot;}\">\n\t\t\t\t\t<div class=\"e-con-inner\">\n\t\t\t\t<div class=\"elementor-element elementor-element-397d8a2 elementor-widget elementor-widget-heading\" data-id=\"397d8a2\" data-element_type=\"widget\" data-e-type=\"widget\" data-widget_type=\"heading.default\">\n\t\t\t\t\t<h2 class=\"elementor-heading-title elementor-size-default\">Mission &amp; vision<\/h2>\t\t\t\t<\/div>\n\t\t\t\t\t<\/div>\n\t\t\t\t<\/div>\n\t\t<div class=\"elementor-element elementor-element-caa40de e-flex e-con-boxed e-con e-parent\" data-id=\"caa40de\" data-element_type=\"container\" data-e-type=\"container\">\n\t\t\t\t\t<div class=\"e-con-inner\">\n\t\t<div class=\"elementor-element elementor-element-4a71834 e-con-full e-flex elementor-invisible e-con e-child\" data-id=\"4a71834\" data-element_type=\"container\" data-e-type=\"container\" data-settings=\"{&quot;animation&quot;:&quot;fadeInLeft&quot;}\">\n\t\t\t\t<div class=\"elementor-element elementor-element-dd1da7b elementor-widget elementor-widget-image\" data-id=\"dd1da7b\" data-element_type=\"widget\" data-e-type=\"widget\" data-widget_type=\"image.default\">\n\t\t\t\t\t\t\t\t\t\t\t\t\t\t\t<img fetchpriority=\"high\" decoding=\"async\" width=\"2372\" height=\"1820\" src=\"https:\/\/avogentech.com\/wp-content\/uploads\/sites\/141\/2025\/09\/Abstract-heavy-grey-cloud-of-haze-in-darkness.png\" class=\"attachment-full size-full wp-image-1420\" alt=\"\" srcset=\"https:\/\/avogentech.com\/wp-content\/uploads\/sites\/141\/2025\/09\/Abstract-heavy-grey-cloud-of-haze-in-darkness.png 2372w, https:\/\/avogentech.com\/wp-content\/uploads\/sites\/141\/2025\/09\/Abstract-heavy-grey-cloud-of-haze-in-darkness-300x230.png 300w, https:\/\/avogentech.com\/wp-content\/uploads\/sites\/141\/2025\/09\/Abstract-heavy-grey-cloud-of-haze-in-darkness-1024x786.png 1024w, https:\/\/avogentech.com\/wp-content\/uploads\/sites\/141\/2025\/09\/Abstract-heavy-grey-cloud-of-haze-in-darkness-768x589.png 768w, https:\/\/avogentech.com\/wp-content\/uploads\/sites\/141\/2025\/09\/Abstract-heavy-grey-cloud-of-haze-in-darkness-1536x1179.png 1536w, https:\/\/avogentech.com\/wp-content\/uploads\/sites\/141\/2025\/09\/Abstract-heavy-grey-cloud-of-haze-in-darkness-2048x1571.png 2048w\" sizes=\"(max-width: 2372px) 100vw, 2372px\" \/>\t\t\t\t\t\t\t\t\t\t\t\t\t\t\t<\/div>\n\t\t\t\t<\/div>\n\t\t<div class=\"elementor-element elementor-element-3094bcb e-con-full e-flex elementor-invisible e-con e-child\" data-id=\"3094bcb\" data-element_type=\"container\" data-e-type=\"container\" data-settings=\"{&quot;animation&quot;:&quot;fadeInRight&quot;}\">\n\t\t\t\t<div class=\"elementor-element elementor-element-36a143f elementor-widget elementor-widget-heading\" data-id=\"36a143f\" data-element_type=\"widget\" data-e-type=\"widget\" data-widget_type=\"heading.default\">\n\t\t\t\t\t<h2 class=\"elementor-heading-title elementor-size-default\">Mission<\/h2>\t\t\t\t<\/div>\n\t\t\t\t<div class=\"elementor-element elementor-element-b64079b elementor-widget elementor-widget-heading\" data-id=\"b64079b\" data-element_type=\"widget\" data-e-type=\"widget\" data-widget_type=\"heading.default\">\n\t\t\t\t\t<h2 class=\"elementor-heading-title elementor-size-default\">L'innovation au service de la sant\u00e9<\/h2>\t\t\t\t<\/div>\n\t\t\t\t<div class=\"elementor-element elementor-element-819026d elementor-widget elementor-widget-text-editor\" data-id=\"819026d\" data-element_type=\"widget\" data-e-type=\"widget\" data-widget_type=\"text-editor.default\">\n\t\t\t\t\t\t\t\t\t<p>Notre mission est de d\u00e9velopper et de commercialiser un <strong data-start=\"308\" data-end=\"370\">dispositif de vapotage \u00e0 ultrasons avec technologie \u00e0 eau<\/strong>, con\u00e7u pour offrir une alternative <strong data-start=\"410\" data-end=\"452\">plus s\u00fbre, transparente et responsable<\/strong> que les produits \u00e0 combustion et les cigarettes \u00e9lectroniques traditionnelles.<br data-start=\"514\" data-end=\"517\">Gr\u00e2ce \u00e0 la recherche scientifique, \u00e0 l&rsquo;innovation technologique et \u00e0 une conception orient\u00e9e vers l&rsquo;utilisateur, nous voulons cr\u00e9er une exp\u00e9rience qui r\u00e9duise les risques, \u00e9l\u00e8ve les normes de qualit\u00e9 et r\u00e9ponde aux besoins r\u00e9els des consommateurs adultes.<\/p>\t\t\t\t\t\t\t\t<\/div>\n\t\t\t\t<div class=\"elementor-element elementor-element-584759a elementor-widget elementor-widget-heading\" data-id=\"584759a\" data-element_type=\"widget\" data-e-type=\"widget\" data-widget_type=\"heading.default\">\n\t\t\t\t\t<h2 class=\"elementor-heading-title elementor-size-default\">Vision<\/h2>\t\t\t\t<\/div>\n\t\t\t\t<div class=\"elementor-element elementor-element-567be7e elementor-widget elementor-widget-heading\" data-id=\"567be7e\" data-element_type=\"widget\" data-e-type=\"widget\" data-widget_type=\"heading.default\">\n\t\t\t\t\t<h2 class=\"elementor-heading-title elementor-size-default\">Un avenir plus propre et plus responsable<\/h2>\t\t\t\t<\/div>\n\t\t\t\t<div class=\"elementor-element elementor-element-73be5f9 elementor-widget elementor-widget-text-editor\" data-id=\"73be5f9\" data-element_type=\"widget\" data-e-type=\"widget\" data-widget_type=\"text-editor.default\">\n\t\t\t\t\t\t\t\t\t<p data-start=\"765\" data-end=\"983\">Imaginons un avenir o\u00f9 la consommation de nicotine serait <strong data-start=\"821\" data-end=\"897\">plus propre, mieux contr\u00f4l\u00e9e et d\u00e9pourvue de la stigmatisation associ\u00e9e au tabagisme traditionnel.<\/strong> Un monde o\u00f9 les fumeurs ont acc\u00e8s \u00e0 une alternative vraiment sans danger et satisfaisante. L\u2019innovation d\u2019Avogen Tech SA vise \u00e0 transformer la fa\u00e7on dont les gens consomment la nicotine et les ar\u00f4mes, \u00e9tablissant ainsi une nouvelle r\u00e9f\u00e9rence dans l\u2019industrie.<br>Nous sommes d\u00e9termin\u00e9s \u00e0 transformer le paysage mondial du tabagisme. Nous proposons une solution innovante, fond\u00e9e scientifiquement, qui reproduit l\u2019exp\u00e9rience souhait\u00e9e sans sous-produits nocifs en combinant:   <\/p><ul data-start=\"984\" data-end=\"1322\"><li data-start=\"984\" data-end=\"1079\"><p data-start=\"986\" data-end=\"1079\"><strong data-start=\"986\" data-end=\"997\">Science<\/strong> \u2192 utilisation de la technologie ultrasonique pour d\u00e9passer les limites des cigarettes \u00e9lectroniques classiques.<\/p><\/li><li data-start=\"1080\" data-end=\"1138\"><p data-start=\"1082\" data-end=\"1138\"><strong data-start=\"1082\" data-end=\"1092\">Sant\u00e9<\/strong> \u2192 r\u00e9duction des risques et s\u00e9curit\u00e9 accrue.<\/p><\/li><li data-start=\"1139\" data-end=\"1245\"><p data-start=\"1141\" data-end=\"1245\"><strong data-start=\"1141\" data-end=\"1158\">Durabilit\u00e9<\/strong> \u2192 dispositifs <strong data-start=\"1173\" data-end=\"1202\">modulaires et r\u00e9utilisables,<\/strong> con\u00e7us pour durer et r\u00e9duire les d\u00e9chets.<\/p><\/li><li data-start=\"1246\" data-end=\"1322\"><p data-start=\"1248\" data-end=\"1322\"><strong data-start=\"1248\" data-end=\"1266\">Responsabilit\u00e9<\/strong> \u2192 une marque qui communique de mani\u00e8re claire et transparente.<\/p><\/li><\/ul>\t\t\t\t\t\t\t\t<\/div>\n\t\t\t\t<\/div>\n\t\t\t\t\t<\/div>\n\t\t\t\t<\/div>\n\t\t<div class=\"elementor-element elementor-element-6711309d e-flex e-con-boxed e-con e-parent\" data-id=\"6711309d\" data-element_type=\"container\" data-e-type=\"container\" data-settings=\"{&quot;background_background&quot;:&quot;classic&quot;}\">\n\t\t\t\t\t<div class=\"e-con-inner\">\n\t\t<div class=\"elementor-element elementor-element-438167a4 e-con-full e-flex e-con e-child\" data-id=\"438167a4\" data-element_type=\"container\" data-e-type=\"container\">\n\t\t<div class=\"elementor-element elementor-element-47fcb29b e-flex e-con-boxed elementor-invisible e-con e-child\" data-id=\"47fcb29b\" data-element_type=\"container\" data-e-type=\"container\" data-settings=\"{&quot;background_background&quot;:&quot;classic&quot;,&quot;animation&quot;:&quot;fadeInLeft&quot;}\">\n\t\t\t\t\t<div class=\"e-con-inner\">\n\t\t\t\t\t<\/div>\n\t\t\t\t<\/div>\n\t\t\t\t<\/div>\n\t\t<div class=\"elementor-element elementor-element-27a16620 e-con-full e-flex e-con e-child\" data-id=\"27a16620\" data-element_type=\"container\" data-e-type=\"container\">\n\t\t<div class=\"elementor-element elementor-element-a2a0bf3 e-con-full e-flex elementor-invisible e-con e-child\" data-id=\"a2a0bf3\" data-element_type=\"container\" data-e-type=\"container\" data-settings=\"{&quot;background_background&quot;:&quot;classic&quot;,&quot;animation&quot;:&quot;fadeInDown&quot;}\">\n\t\t\t\t<div class=\"elementor-element elementor-element-c9c6b37 elementor-widget elementor-widget-heading\" data-id=\"c9c6b37\" data-element_type=\"widget\" data-e-type=\"widget\" data-widget_type=\"heading.default\">\n\t\t\t\t\t<h6 class=\"elementor-heading-title elementor-size-default\">Valeur &amp; \u00e9thique<\/h6>\t\t\t\t<\/div>\n\t\t\t\t<div class=\"elementor-element elementor-element-580261eb elementor-widget elementor-widget-heading\" data-id=\"580261eb\" data-element_type=\"widget\" data-e-type=\"widget\" data-widget_type=\"heading.default\">\n\t\t\t\t\t<h4 class=\"elementor-heading-title elementor-size-default\">Ensemble, construisons l'avenir du vapotage responsable<\/h4>\t\t\t\t<\/div>\n\t\t\t\t<div class=\"elementor-element elementor-element-5d37be99 elementor-widget elementor-widget-heading\" data-id=\"5d37be99\" data-element_type=\"widget\" data-e-type=\"widget\" data-widget_type=\"heading.default\">\n\t\t\t\t\t<div class=\"elementor-heading-title elementor-size-default\">Nous collaborons avec des universit\u00e9s, des centres de recherche et des partenaires industriels afin d'acc\u00e9l\u00e9rer le d\u00e9veloppement de nos technologies et de les commercialiser rapidement. Nos partenariats renforcent la solidit\u00e9 scientifique des projets et garantissent un niveau de qualit\u00e9 \u00e9lev\u00e9, fond\u00e9 sur la confiance et la transparence. <\/div>\t\t\t\t<\/div>\n\t\t\t\t<div class=\"elementor-element elementor-element-d8254cc elementor-widget elementor-widget-button\" data-id=\"d8254cc\" data-element_type=\"widget\" data-e-type=\"widget\" data-widget_type=\"button.default\">\n\t\t\t\t\t\t\t\t\t\t<a class=\"elementor-button elementor-button-link elementor-size-sm elementor-animation-shrink\" href=\"https:\/\/avogentech.com\/fr\/valeur-ethique\/\">\n\t\t\t\t\t\t<span class=\"elementor-button-content-wrapper\">\n\t\t\t\t\t\t<span class=\"elementor-button-icon\">\n\t\t\t\t<i aria-hidden=\"true\" class=\"rtmicon rtmicon-arrow-right\"><\/i>\t\t\t<\/span>\n\t\t\t\t\t\t\t\t\t<span class=\"elementor-button-text\">En savoir plus<\/span>\n\t\t\t\t\t<\/span>\n\t\t\t\t\t<\/a>\n\t\t\t\t\t\t\t\t<\/div>\n\t\t\t\t<\/div>\n\t\t<div class=\"elementor-element elementor-element-416f1cd e-con-full e-flex elementor-invisible e-con e-child\" data-id=\"416f1cd\" data-element_type=\"container\" data-e-type=\"container\" data-settings=\"{&quot;background_background&quot;:&quot;classic&quot;,&quot;animation&quot;:&quot;fadeInDown&quot;}\">\n\t\t\t\t<div class=\"elementor-element elementor-element-6d1fdc42 elementor-widget elementor-widget-heading\" data-id=\"6d1fdc42\" data-element_type=\"widget\" data-e-type=\"widget\" data-widget_type=\"heading.default\">\n\t\t\t\t\t<h6 class=\"elementor-heading-title elementor-size-default\">L'\u00e9quipe<\/h6>\t\t\t\t<\/div>\n\t\t\t\t<div class=\"elementor-element elementor-element-1d1c73ec elementor-widget elementor-widget-heading\" data-id=\"1d1c73ec\" data-element_type=\"widget\" data-e-type=\"widget\" data-widget_type=\"heading.default\">\n\t\t\t\t\t<h4 class=\"elementor-heading-title elementor-size-default\">Exp\u00e9rience et passion au service de l'innovation<\/h4>\t\t\t\t<\/div>\n\t\t\t\t<div class=\"elementor-element elementor-element-23bf8eb1 elementor-widget elementor-widget-heading\" data-id=\"23bf8eb1\" data-element_type=\"widget\" data-e-type=\"widget\" data-widget_type=\"heading.default\">\n\t\t\t\t\t<div class=\"elementor-heading-title elementor-size-default\">AvogenTech SA est n\u00e9e de l'engagement d'un groupe de professionnels dont les comp\u00e9tences vont du g\u00e9nie chimique \u00e0 la recherche scientifique, en passant par l'entrepreneuriat et la conception de produits. Notre \u00e9quipe allie savoir-faire technique et vision strat\u00e9gique, travaillant chaque jour pour transformer la recherche en solutions concr\u00e8tes au service des personnes. <\/div>\t\t\t\t<\/div>\n\t\t\t\t<div class=\"elementor-element elementor-element-b62d58f elementor-widget elementor-widget-button\" data-id=\"b62d58f\" data-element_type=\"widget\" data-e-type=\"widget\" data-widget_type=\"button.default\">\n\t\t\t\t\t\t\t\t\t\t<a class=\"elementor-button elementor-button-link elementor-size-sm elementor-animation-shrink\" href=\"https:\/\/avogentech.com\/fr\/lequipe-direction\/\">\n\t\t\t\t\t\t<span class=\"elementor-button-content-wrapper\">\n\t\t\t\t\t\t<span class=\"elementor-button-icon\">\n\t\t\t\t<i aria-hidden=\"true\" class=\"rtmicon rtmicon-arrow-right\"><\/i>\t\t\t<\/span>\n\t\t\t\t\t\t\t\t\t<span class=\"elementor-button-text\">En savoir plus<\/span>\n\t\t\t\t\t<\/span>\n\t\t\t\t\t<\/a>\n\t\t\t\t\t\t\t\t<\/div>\n\t\t\t\t<\/div>\n\t\t<div class=\"elementor-element elementor-element-7c96aae e-con-full e-flex elementor-invisible e-con e-child\" data-id=\"7c96aae\" data-element_type=\"container\" data-e-type=\"container\" data-settings=\"{&quot;background_background&quot;:&quot;classic&quot;,&quot;animation&quot;:&quot;fadeInDown&quot;}\">\n\t\t\t\t<div class=\"elementor-element elementor-element-6b6cd34 elementor-widget elementor-widget-heading\" data-id=\"6b6cd34\" data-element_type=\"widget\" data-e-type=\"widget\" data-widget_type=\"heading.default\">\n\t\t\t\t\t<h6 class=\"elementor-heading-title elementor-size-default\">Partenaires &amp; collaborateurs<\/h6>\t\t\t\t<\/div>\n\t\t\t\t<div class=\"elementor-element elementor-element-db39df9 elementor-widget elementor-widget-heading\" data-id=\"db39df9\" data-element_type=\"widget\" data-e-type=\"widget\" data-widget_type=\"heading.default\">\n\t\t\t\t\t<h4 class=\"elementor-heading-title elementor-size-default\">Ensemble, construisons l'avenir du vapotage responsable<\/h4>\t\t\t\t<\/div>\n\t\t\t\t<div class=\"elementor-element elementor-element-a735942 elementor-widget elementor-widget-heading\" data-id=\"a735942\" data-element_type=\"widget\" data-e-type=\"widget\" data-widget_type=\"heading.default\">\n\t\t\t\t\t<div class=\"elementor-heading-title elementor-size-default\">Nous collaborons avec des universit\u00e9s, des centres de recherche et des partenaires industriels afin d'acc\u00e9l\u00e9rer le d\u00e9veloppement de nos technologies et de les commercialiser rapidement. Nos partenariats renforcent la solidit\u00e9 scientifique des projets et garantissent un niveau de qualit\u00e9 \u00e9lev\u00e9, fond\u00e9 sur la confiance et la transparence. <\/div>\t\t\t\t<\/div>\n\t\t\t\t<div class=\"elementor-element elementor-element-7e7ecc0 elementor-widget elementor-widget-button\" data-id=\"7e7ecc0\" data-element_type=\"widget\" data-e-type=\"widget\" data-widget_type=\"button.default\">\n\t\t\t\t\t\t\t\t\t\t<a class=\"elementor-button elementor-button-link elementor-size-sm elementor-animation-shrink\" href=\"https:\/\/avogentech.com\/fr\/partenaires-collaborateurs\/\">\n\t\t\t\t\t\t<span class=\"elementor-button-content-wrapper\">\n\t\t\t\t\t\t<span class=\"elementor-button-icon\">\n\t\t\t\t<i aria-hidden=\"true\" class=\"rtmicon rtmicon-arrow-right\"><\/i>\t\t\t<\/span>\n\t\t\t\t\t\t\t\t\t<span class=\"elementor-button-text\">En savoir plus<\/span>\n\t\t\t\t\t<\/span>\n\t\t\t\t\t<\/a>\n\t\t\t\t\t\t\t\t<\/div>\n\t\t\t\t<\/div>\n\t\t\t\t<\/div>\n\t\t\t\t\t<\/div>\n\t\t\t\t<\/div>\n\t\t<div class=\"elementor-element elementor-element-4324b7f7 e-flex e-con-boxed e-con e-parent\" data-id=\"4324b7f7\" data-element_type=\"container\" data-e-type=\"container\" data-settings=\"{&quot;background_background&quot;:&quot;gradient&quot;}\">\n\t\t\t\t\t<div class=\"e-con-inner\">\n\t\t<div class=\"elementor-element elementor-element-23d0abe0 e-flex e-con-boxed e-con e-child\" data-id=\"23d0abe0\" data-element_type=\"container\" data-e-type=\"container\">\n\t\t\t\t\t<div class=\"e-con-inner\">\n\t\t\t\t<div class=\"elementor-element elementor-element-1c6c828a elementor-widget__width-initial elementor-widget elementor-widget-counter\" data-id=\"1c6c828a\" data-element_type=\"widget\" data-e-type=\"widget\" data-widget_type=\"counter.default\">\n\t\t\t\t\t\t\t<div class=\"elementor-counter\">\n\t\t\t<div class=\"elementor-counter-title\">ann\u00e9es de recherche pr\u00e9liminaire<\/div>\t\t\t<div class=\"elementor-counter-number-wrapper\">\n\t\t\t\t<span class=\"elementor-counter-number-prefix\"><\/span>\n\t\t\t\t<span class=\"elementor-counter-number\" data-duration=\"2000\" data-to-value=\"2\" data-from-value=\"0\" data-delimiter=\",\">0<\/span>\n\t\t\t\t<span class=\"elementor-counter-number-suffix\">+<\/span>\n\t\t\t<\/div>\n\t\t<\/div>\n\t\t\t\t\t\t<\/div>\n\t\t\t\t<div class=\"elementor-element elementor-element-72dec7b5 elementor-widget__width-initial elementor-widget elementor-widget-counter\" data-id=\"72dec7b5\" data-element_type=\"widget\" data-e-type=\"widget\" data-widget_type=\"counter.default\">\n\t\t\t\t\t\t\t<div class=\"elementor-counter\">\n\t\t\t<div class=\"elementor-counter-title\">brevets d\u00e9pos\u00e9s<\/div>\t\t\t<div class=\"elementor-counter-number-wrapper\">\n\t\t\t\t<span class=\"elementor-counter-number-prefix\"><\/span>\n\t\t\t\t<span class=\"elementor-counter-number\" data-duration=\"2000\" data-to-value=\"3\" data-from-value=\"0\" data-delimiter=\",\">0<\/span>\n\t\t\t\t<span class=\"elementor-counter-number-suffix\"><\/span>\n\t\t\t<\/div>\n\t\t<\/div>\n\t\t\t\t\t\t<\/div>\n\t\t\t\t<div class=\"elementor-element elementor-element-20771fcc elementor-widget__width-initial elementor-widget elementor-widget-counter\" data-id=\"20771fcc\" data-element_type=\"widget\" data-e-type=\"widget\" data-widget_type=\"counter.default\">\n\t\t\t\t\t\t\t<div class=\"elementor-counter\">\n\t\t\t<div class=\"elementor-counter-title\">partenaires institutionnels<\/div>\t\t\t<div class=\"elementor-counter-number-wrapper\">\n\t\t\t\t<span class=\"elementor-counter-number-prefix\"><\/span>\n\t\t\t\t<span class=\"elementor-counter-number\" data-duration=\"2000\" data-to-value=\"5\" data-from-value=\"0\" data-delimiter=\",\">0<\/span>\n\t\t\t\t<span class=\"elementor-counter-number-suffix\"><\/span>\n\t\t\t<\/div>\n\t\t<\/div>\n\t\t\t\t\t\t<\/div>\n\t\t\t\t<div class=\"elementor-element elementor-element-5456a835 elementor-widget__width-initial elementor-widget elementor-widget-counter\" data-id=\"5456a835\" data-element_type=\"widget\" data-e-type=\"widget\" data-widget_type=\"counter.default\">\n\t\t\t\t\t\t\t<div class=\"elementor-counter\">\n\t\t\t<div class=\"elementor-counter-title\">objectifs clairs<\/div>\t\t\t<div class=\"elementor-counter-number-wrapper\">\n\t\t\t\t<span class=\"elementor-counter-number-prefix\"><\/span>\n\t\t\t\t<span class=\"elementor-counter-number\" data-duration=\"2000\" data-to-value=\"10\" data-from-value=\"\" data-delimiter=\",\"><\/span>\n\t\t\t\t<span class=\"elementor-counter-number-suffix\"><\/span>\n\t\t\t<\/div>\n\t\t<\/div>\n\t\t\t\t\t\t<\/div>\n\t\t\t\t\t<\/div>\n\t\t\t\t<\/div>\n\t\t\t\t\t<\/div>\n\t\t\t\t<\/div>\n\t\t\t\t<\/div>\n\t\t","protected":false},"excerpt":{"rendered":"<p>Mission &amp; vision Mission L&rsquo;innovation au service de la sant\u00e9 Notre mission est de d\u00e9velopper et de commercialiser un dispositif de vapotage \u00e0 ultrasons avec technologie \u00e0 eau, con\u00e7u pour offrir une alternative plus s\u00fbre, transparente et responsable que les produits \u00e0 combustion et les cigarettes \u00e9lectroniques traditionnelles.Gr\u00e2ce \u00e0 la recherche scientifique, \u00e0 l&rsquo;innovation technologique [&hellip;]<\/p>\n","protected":false},"author":401,"featured_media":0,"parent":0,"menu_order":0,"comment_status":"closed","ping_status":"closed","template":"elementor_header_footer","meta":{"_seopress_robots_primary_cat":"","_seopress_titles_title":"","_seopress_titles_desc":"","_seopress_robots_index":"","footnotes":""},"class_list":["post-1566","page","type-page","status-publish","hentry"],"_links":{"self":[{"href":"https:\/\/avogentech.com\/fr\/wp-json\/wp\/v2\/pages\/1566","targetHints":{"allow":["GET"]}}],"collection":[{"href":"https:\/\/avogentech.com\/fr\/wp-json\/wp\/v2\/pages"}],"about":[{"href":"https:\/\/avogentech.com\/fr\/wp-json\/wp\/v2\/types\/page"}],"author":[{"embeddable":true,"href":"https:\/\/avogentech.com\/fr\/wp-json\/wp\/v2\/users\/401"}],"replies":[{"embeddable":true,"href":"https:\/\/avogentech.com\/fr\/wp-json\/wp\/v2\/comments?post=1566"}],"version-history":[{"count":6,"href":"https:\/\/avogentech.com\/fr\/wp-json\/wp\/v2\/pages\/1566\/revisions"}],"predecessor-version":[{"id":1585,"href":"https:\/\/avogentech.com\/fr\/wp-json\/wp\/v2\/pages\/1566\/revisions\/1585"}],"wp:attachment":[{"href":"https:\/\/avogentech.com\/fr\/wp-json\/wp\/v2\/media?parent=1566"}],"curies":[{"name":"wp","href":"https:\/\/api.w.org\/{rel}","templated":true}]}}