{"id":1537,"date":"2025-09-25T09:02:40","date_gmt":"2025-09-25T09:02:40","guid":{"rendered":"https:\/\/avogentech.com\/comment-ca-marche\/"},"modified":"2025-09-26T11:10:36","modified_gmt":"2025-09-26T11:10:36","slug":"comment-ca-marche","status":"publish","type":"page","link":"https:\/\/avogentech.com\/fr\/comment-ca-marche\/","title":{"rendered":"Comment \u00e7a marche"},"content":{"rendered":"\t\t<div data-elementor-type=\"wp-page\" data-elementor-id=\"1537\" class=\"elementor elementor-1537 elementor-854\" data-elementor-post-type=\"page\">\n\t\t\t\t<div class=\"elementor-element elementor-element-43a6f5e e-flex e-con-boxed e-con e-parent\" data-id=\"43a6f5e\" data-element_type=\"container\" data-e-type=\"container\" data-settings=\"{&quot;background_background&quot;:&quot;classic&quot;}\">\n\t\t\t\t\t<div class=\"e-con-inner\">\n\t\t\t\t<div class=\"elementor-element elementor-element-45f8287 elementor-widget elementor-widget-heading\" data-id=\"45f8287\" data-element_type=\"widget\" data-e-type=\"widget\" data-widget_type=\"heading.default\">\n\t\t\t\t\t<h2 class=\"elementor-heading-title elementor-size-default\">Comment \u00e7a marche?<\/h2>\t\t\t\t<\/div>\n\t\t\t\t\t<\/div>\n\t\t\t\t<\/div>\n\t\t<div class=\"elementor-element elementor-element-e5dbd1d e-flex e-con-boxed e-con e-parent\" data-id=\"e5dbd1d\" data-element_type=\"container\" data-e-type=\"container\">\n\t\t\t\t\t<div class=\"e-con-inner\">\n\t\t<div class=\"elementor-element elementor-element-2cf77d0 e-con-full e-flex e-con e-child\" data-id=\"2cf77d0\" data-element_type=\"container\" data-e-type=\"container\">\n\t\t\t\t<div class=\"elementor-element elementor-element-76c2f17 elementor-invisible elementor-widget elementor-widget-image\" data-id=\"76c2f17\" data-element_type=\"widget\" data-e-type=\"widget\" data-settings=\"{&quot;_animation&quot;:&quot;fadeInLeft&quot;}\" data-widget_type=\"image.default\">\n\t\t\t\t\t\t\t\t\t\t\t\t\t\t\t<img fetchpriority=\"high\" decoding=\"async\" width=\"2560\" height=\"1700\" src=\"https:\/\/avogentech.com\/wp-content\/uploads\/sites\/141\/2025\/09\/Woman-posing-with-blue-light-side-view-scaled.png\" class=\"attachment-full size-full wp-image-1427\" alt=\"\" srcset=\"https:\/\/avogentech.com\/wp-content\/uploads\/sites\/141\/2025\/09\/Woman-posing-with-blue-light-side-view-scaled.png 2560w, https:\/\/avogentech.com\/wp-content\/uploads\/sites\/141\/2025\/09\/Woman-posing-with-blue-light-side-view-300x199.png 300w, https:\/\/avogentech.com\/wp-content\/uploads\/sites\/141\/2025\/09\/Woman-posing-with-blue-light-side-view-1024x680.png 1024w, https:\/\/avogentech.com\/wp-content\/uploads\/sites\/141\/2025\/09\/Woman-posing-with-blue-light-side-view-768x510.png 768w, https:\/\/avogentech.com\/wp-content\/uploads\/sites\/141\/2025\/09\/Woman-posing-with-blue-light-side-view-1536x1020.png 1536w, https:\/\/avogentech.com\/wp-content\/uploads\/sites\/141\/2025\/09\/Woman-posing-with-blue-light-side-view-2048x1360.png 2048w\" sizes=\"(max-width: 2560px) 100vw, 2560px\" \/>\t\t\t\t\t\t\t\t\t\t\t\t\t\t\t<\/div>\n\t\t\t\t<\/div>\n\t\t<div class=\"elementor-element elementor-element-794cea4 e-con-full e-flex e-con e-child\" data-id=\"794cea4\" data-element_type=\"container\" data-e-type=\"container\">\n\t\t\t\t<div class=\"elementor-element elementor-element-d391cbb elementor-invisible elementor-widget elementor-widget-heading\" data-id=\"d391cbb\" data-element_type=\"widget\" data-e-type=\"widget\" data-settings=\"{&quot;_animation&quot;:&quot;fadeInUp&quot;}\" data-widget_type=\"heading.default\">\n\t\t\t\t\t<h3 class=\"elementor-heading-title elementor-size-default\">La science derri\u00e8re l'appareil<\/h3>\t\t\t\t<\/div>\n\t\t\t\t<div class=\"elementor-element elementor-element-e323389 elementor-invisible elementor-widget elementor-widget-text-editor\" data-id=\"e323389\" data-element_type=\"widget\" data-e-type=\"widget\" data-settings=\"{&quot;_animation&quot;:&quot;fadeInUp&quot;}\" data-widget_type=\"text-editor.default\">\n\t\t\t\t\t\t\t\t\t<p>Le c\u0153ur de la technologie AvogenTech SA est un syst\u00e8me \u00e0 ultrasons qui transforme une base aqueuse en un a\u00e9rosol fin et constant. Son architecture modulaire et ses mat\u00e9riaux de haute qualit\u00e9 garantissent stabilit\u00e9 et durabilit\u00e9, tandis que sa simplicit\u00e9 d&rsquo;utilisation le rend id\u00e9al pour ceux qui recherchent une alternative innovante aux appareils traditionnels. Son architecture modulaire et ses mat\u00e9riaux de haute qualit\u00e9 garantissent stabilit\u00e9 et durabilit\u00e9, tandis que sa simplicit\u00e9 d&rsquo;utilisation le rend id\u00e9al pour ceux qui recherchent une alternative innovante aux appareils traditionnels. Chaque \u00e9l\u00e9ment du design est \u00e9tudi\u00e9 pour offrir une exp\u00e9rience alliant <strong data-start=\"674\" data-end=\"726\">rigueur scientifique, fiabilit\u00e9 et durabilit\u00e9.<\/strong><\/p>\t\t\t\t\t\t\t\t<\/div>\n\t\t\t\t<\/div>\n\t\t<div class=\"elementor-element elementor-element-e4e845a e-con-full e-flex e-con e-child\" data-id=\"e4e845a\" data-element_type=\"container\" data-e-type=\"container\">\n\t\t\t\t<div class=\"elementor-element elementor-element-bde0ed7 elementor-position-top elementor-invisible elementor-widget elementor-widget-image-box\" data-id=\"bde0ed7\" data-element_type=\"widget\" data-e-type=\"widget\" data-settings=\"{&quot;_animation&quot;:&quot;fadeInUp&quot;}\" data-widget_type=\"image-box.default\">\n\t\t\t\t\t<div class=\"elementor-image-box-wrapper\"><figure class=\"elementor-image-box-img\"><img decoding=\"async\" width=\"2560\" height=\"1702\" src=\"https:\/\/avogentech.com\/wp-content\/uploads\/sites\/141\/2025\/09\/Blurred-night-lights-scaled.png\" class=\"attachment-full size-full wp-image-1090\" alt=\"\" srcset=\"https:\/\/avogentech.com\/wp-content\/uploads\/sites\/141\/2025\/09\/Blurred-night-lights-scaled.png 2560w, https:\/\/avogentech.com\/wp-content\/uploads\/sites\/141\/2025\/09\/Blurred-night-lights-300x199.png 300w, https:\/\/avogentech.com\/wp-content\/uploads\/sites\/141\/2025\/09\/Blurred-night-lights-1024x681.png 1024w, https:\/\/avogentech.com\/wp-content\/uploads\/sites\/141\/2025\/09\/Blurred-night-lights-768x511.png 768w, https:\/\/avogentech.com\/wp-content\/uploads\/sites\/141\/2025\/09\/Blurred-night-lights-1536x1021.png 1536w, https:\/\/avogentech.com\/wp-content\/uploads\/sites\/141\/2025\/09\/Blurred-night-lights-2048x1361.png 2048w\" sizes=\"(max-width: 2560px) 100vw, 2560px\" \/><\/figure><div class=\"elementor-image-box-content\"><h4 class=\"elementor-image-box-title\">Fonctionnalit\u00e9s avanc\u00e9es<\/h4><p class=\"elementor-image-box-description\">Gr\u00e2ce au syst\u00e8me \u00e0 ultrasons, l'appareil \u00e9limine la combustion et les risques li\u00e9s \u00e0 la chaleur, pr\u00e9servant ainsi la puret\u00e9 des substances et garantissant une exp\u00e9rience d'inhalation stable et uniforme. Cette approche r\u00e9duit consid\u00e9rablement la formation de sous-produits nocifs, offrant ainsi une innovation qui am\u00e9liore la s\u00e9curit\u00e9 et le confort des utilisateurs.<\/p><\/div><\/div>\t\t\t\t<\/div>\n\t\t\t\t<\/div>\n\t\t\t\t\t<\/div>\n\t\t\t\t<\/div>\n\t\t<div class=\"elementor-element elementor-element-eb13394 e-flex e-con-boxed e-con e-parent\" data-id=\"eb13394\" data-element_type=\"container\" data-e-type=\"container\">\n\t\t\t\t\t<div class=\"e-con-inner\">\n\t\t<div class=\"elementor-element elementor-element-e231b7f e-con-full e-flex e-con e-child\" data-id=\"e231b7f\" data-element_type=\"container\" data-e-type=\"container\">\n\t\t\t\t<div class=\"elementor-element elementor-element-4ad1c88 elementor-invisible elementor-widget elementor-widget-heading\" data-id=\"4ad1c88\" data-element_type=\"widget\" data-e-type=\"widget\" data-settings=\"{&quot;_animation&quot;:&quot;fadeInLeft&quot;}\" data-widget_type=\"heading.default\">\n\t\t\t\t\t<h2 class=\"elementor-heading-title elementor-size-default\">Pourquoi choisir notre technologie?<\/h2>\t\t\t\t<\/div>\n\t\t\t\t<div class=\"elementor-element elementor-element-2ce0ef0 elementor-invisible elementor-widget elementor-widget-text-editor\" data-id=\"2ce0ef0\" data-element_type=\"widget\" data-e-type=\"widget\" data-settings=\"{&quot;_animation&quot;:&quot;fadeInUp&quot;}\" data-widget_type=\"text-editor.default\">\n\t\t\t\t\t\t\t\t\t<p>Nous avons d\u00e9velopp\u00e9 un dispositif unique \u00e0 base d\u2019eau qui int\u00e8gre :<\/p><ul><li>R\u00e9sistance chauffante et technologie \u00e0 maille vibrante pour une vaporisation propre et r\u00e9guli\u00e8re<\/li><li>Syst\u00e8me de post-chauffage optionnel pour un go\u00fbt optimis\u00e9<\/li><li>Stabilit\u00e9 bact\u00e9rienne \u2013 les e-liquides restent exempts de contamination microbienne<\/li><li>Z\u00e9ro ald\u00e9hyde g\u00e9n\u00e9r\u00e9 lors de la n\u00e9bulisation, v\u00e9rifi\u00e9 par des tests toxicologiques ind\u00e9pendants<\/li><\/ul><p>Cette perc\u00e9e d\u00e9passe les syst\u00e8mes de vapotage traditionnels et \u00e9tablit un nouveau standard de sant\u00e9, de s\u00e9curit\u00e9 et de satisfaction.<\/p>\t\t\t\t\t\t\t\t<\/div>\n\t\t\t\t<\/div>\n\t\t<div class=\"elementor-element elementor-element-137528e e-con-full e-flex e-con e-child\" data-id=\"137528e\" data-element_type=\"container\" data-e-type=\"container\">\n\t\t<div class=\"elementor-element elementor-element-029d0e7 e-con-full e-flex e-con e-child\" data-id=\"029d0e7\" data-element_type=\"container\" data-e-type=\"container\">\n\t\t\t\t<div class=\"elementor-element elementor-element-51537c8 elementor-widget__width-initial elementor-invisible elementor-widget elementor-widget-heading\" data-id=\"51537c8\" data-element_type=\"widget\" data-e-type=\"widget\" data-settings=\"{&quot;_animation&quot;:&quot;fadeInLeft&quot;}\" data-widget_type=\"heading.default\">\n\t\t\t\t\t<h3 class=\"elementor-heading-title elementor-size-default\">01<\/h3>\t\t\t\t<\/div>\n\t\t\t\t<div class=\"elementor-element elementor-element-45e7722 elementor-widget__width-initial elementor-vertical-align-top elementor-invisible elementor-widget elementor-widget-image-box\" data-id=\"45e7722\" data-element_type=\"widget\" data-e-type=\"widget\" data-settings=\"{&quot;_animation&quot;:&quot;fadeInRight&quot;}\" data-widget_type=\"image-box.default\">\n\t\t\t\t\t<div class=\"elementor-image-box-wrapper\"><div class=\"elementor-image-box-content\"><h4 class=\"elementor-image-box-title\">Ergonomie intuitive<\/h4><p class=\"elementor-image-box-description\">\nDesign compact et commandes simples, pour une utilisation imm\u00e9diate et accessible \u00e0 tous.<\/p><\/div><\/div>\t\t\t\t<\/div>\n\t\t\t\t<\/div>\n\t\t<div class=\"elementor-element elementor-element-6e3c28f e-con-full e-flex e-con e-child\" data-id=\"6e3c28f\" data-element_type=\"container\" data-e-type=\"container\">\n\t\t\t\t<div class=\"elementor-element elementor-element-45ec44d elementor-widget__width-initial elementor-invisible elementor-widget elementor-widget-heading\" data-id=\"45ec44d\" data-element_type=\"widget\" data-e-type=\"widget\" data-settings=\"{&quot;_animation&quot;:&quot;fadeInLeft&quot;}\" data-widget_type=\"heading.default\">\n\t\t\t\t\t<h3 class=\"elementor-heading-title elementor-size-default\">02<\/h3>\t\t\t\t<\/div>\n\t\t\t\t<div class=\"elementor-element elementor-element-791962a elementor-widget__width-initial elementor-vertical-align-top elementor-invisible elementor-widget elementor-widget-image-box\" data-id=\"791962a\" data-element_type=\"widget\" data-e-type=\"widget\" data-settings=\"{&quot;_animation&quot;:&quot;fadeInRight&quot;}\" data-widget_type=\"image-box.default\">\n\t\t\t\t\t<div class=\"elementor-image-box-wrapper\"><div class=\"elementor-image-box-content\"><h4 class=\"elementor-image-box-title\">Technologie brevet\u00e9e<\/h4><p class=\"elementor-image-box-description\">Syst\u00e8me exclusif de n\u00e9bulisation \u00e0 eau par ultrasons, certifi\u00e9 et prot\u00e9g\u00e9 par la propri\u00e9t\u00e9 intellectuelle.<\/p><\/div><\/div>\t\t\t\t<\/div>\n\t\t\t\t<\/div>\n\t\t<div class=\"elementor-element elementor-element-ffa6438 e-con-full e-flex e-con e-child\" data-id=\"ffa6438\" data-element_type=\"container\" data-e-type=\"container\">\n\t\t\t\t<div class=\"elementor-element elementor-element-85f89a0 elementor-widget__width-initial elementor-invisible elementor-widget elementor-widget-heading\" data-id=\"85f89a0\" data-element_type=\"widget\" data-e-type=\"widget\" data-settings=\"{&quot;_animation&quot;:&quot;fadeInLeft&quot;}\" data-widget_type=\"heading.default\">\n\t\t\t\t\t<h3 class=\"elementor-heading-title elementor-size-default\">03<\/h3>\t\t\t\t<\/div>\n\t\t\t\t<div class=\"elementor-element elementor-element-f4c40c3 elementor-widget__width-initial elementor-vertical-align-top elementor-invisible elementor-widget elementor-widget-image-box\" data-id=\"f4c40c3\" data-element_type=\"widget\" data-e-type=\"widget\" data-settings=\"{&quot;_animation&quot;:&quot;fadeInRight&quot;}\" data-widget_type=\"image-box.default\">\n\t\t\t\t\t<div class=\"elementor-image-box-wrapper\"><div class=\"elementor-image-box-content\"><h4 class=\"elementor-image-box-title\">Fiabilit\u00e9 \u00e0 long terme<\/h4><p class=\"elementor-image-box-description\">Un dispositif r\u00e9utilisable, con\u00e7u pour durer et garantir des performances constantes dans le temps.<\/p><\/div><\/div>\t\t\t\t<\/div>\n\t\t\t\t<\/div>\n\t\t\t\t<\/div>\n\t\t\t\t\t<\/div>\n\t\t\t\t<\/div>\n\t\t\t\t<\/div>\n\t\t","protected":false},"excerpt":{"rendered":"<p>Comment \u00e7a marche? La science derri\u00e8re l&rsquo;appareil Le c\u0153ur de la technologie AvogenTech SA est un syst\u00e8me \u00e0 ultrasons qui transforme une base aqueuse en un a\u00e9rosol fin et constant. Son architecture modulaire et ses mat\u00e9riaux de haute qualit\u00e9 garantissent stabilit\u00e9 et durabilit\u00e9, tandis que sa simplicit\u00e9 d&rsquo;utilisation le rend id\u00e9al pour ceux qui recherchent [&hellip;]<\/p>\n","protected":false},"author":401,"featured_media":0,"parent":0,"menu_order":0,"comment_status":"closed","ping_status":"closed","template":"elementor_header_footer","meta":{"_seopress_robots_primary_cat":"","_seopress_titles_title":"","_seopress_titles_desc":"","_seopress_robots_index":"","footnotes":""},"class_list":["post-1537","page","type-page","status-publish","hentry"],"_links":{"self":[{"href":"https:\/\/avogentech.com\/fr\/wp-json\/wp\/v2\/pages\/1537","targetHints":{"allow":["GET"]}}],"collection":[{"href":"https:\/\/avogentech.com\/fr\/wp-json\/wp\/v2\/pages"}],"about":[{"href":"https:\/\/avogentech.com\/fr\/wp-json\/wp\/v2\/types\/page"}],"author":[{"embeddable":true,"href":"https:\/\/avogentech.com\/fr\/wp-json\/wp\/v2\/users\/401"}],"replies":[{"embeddable":true,"href":"https:\/\/avogentech.com\/fr\/wp-json\/wp\/v2\/comments?post=1537"}],"version-history":[{"count":6,"href":"https:\/\/avogentech.com\/fr\/wp-json\/wp\/v2\/pages\/1537\/revisions"}],"predecessor-version":[{"id":1544,"href":"https:\/\/avogentech.com\/fr\/wp-json\/wp\/v2\/pages\/1537\/revisions\/1544"}],"wp:attachment":[{"href":"https:\/\/avogentech.com\/fr\/wp-json\/wp\/v2\/media?parent=1537"}],"curies":[{"name":"wp","href":"https:\/\/api.w.org\/{rel}","templated":true}]}}